{"id":3,"date":"2025-05-20T12:12:27","date_gmt":"2025-05-20T12:12:27","guid":{"rendered":"https:\/\/castelosdaluxuria.blog\/?page_id=3"},"modified":"2025-09-17T08:27:35","modified_gmt":"2025-09-17T11:27:35","slug":"privacy-policy","status":"publish","type":"page","link":"https:\/\/castelosdaluxuria.blog\/?page_id=3","title":{"rendered":"Sobre &#038; FAQ"},"content":{"rendered":"\r\n<h2 class=\"wp-block-heading\">\ud83e\uddd9\u200d\u2642\ufe0f Quem sou eu?<\/h2>\r\n<p data-start=\"236\" data-end=\"569\">Meu nome \u00e9 <strong data-start=\"247\" data-end=\"255\">Jean Castle<\/strong>, nascido em S\u00e3o Paulo nos anos 70. Sou autor de <strong data-start=\"304\" data-end=\"361\">contos er\u00f3ticos com uma pegada de realismo fant\u00e1stico<\/strong>, misturando <strong data-start=\"374\" data-end=\"436\">fantasia expl\u00edcita, suspense, mist\u00e9rio e fic\u00e7\u00e3o cient\u00edfica<\/strong>. Minhas hist\u00f3rias n\u00e3o seguem f\u00f3rmulas prontas \u2014 elas exploram o desejo atrav\u00e9s da imagina\u00e7\u00e3o, do simbolismo e, \u00e0s vezes, do absurdo.<\/p>\r\n<hr data-start=\"571\" data-end=\"574\" \/>\r\n<h3 data-start=\"576\" data-end=\"605\">\ud83c\udfaf Para quem \u00e9 este blog?<\/h3>\r\n<p data-start=\"607\" data-end=\"669\">Este blog \u00e9 destinado exclusivamente a <strong data-start=\"646\" data-end=\"668\">maiores de 18 anos<\/strong>.<\/p>\r\n<p data-start=\"671\" data-end=\"907\">Aqui, voc\u00ea encontrar\u00e1 <strong data-start=\"693\" data-end=\"713\">conte\u00fado er\u00f3tico<\/strong>, com <strong data-start=\"719\" data-end=\"751\">textos liter\u00e1rios expl\u00edcitos<\/strong> e <strong data-start=\"754\" data-end=\"790\">imagens com nudez e atos sexuais<\/strong>. O objetivo \u00e9 provocar, entreter e, acima de tudo, estimular a fantasia \u2014 sempre com consci\u00eancia e responsabilidade.<\/p>\r\n<hr data-start=\"909\" data-end=\"912\" \/>\r\n<h3 data-start=\"914\" data-end=\"949\">\ud83d\udcda O que esperar das hist\u00f3rias?<\/h3>\r\n<ul data-start=\"951\" data-end=\"1209\">\r\n<li data-start=\"951\" data-end=\"1003\">\r\n<p data-start=\"953\" data-end=\"1003\">Todos os contos publicados aqui s\u00e3o <strong data-start=\"989\" data-end=\"1003\">ficcionais<\/strong><\/p>\r\n<\/li>\r\n<li data-start=\"1004\" data-end=\"1050\">\r\n<p data-start=\"1006\" data-end=\"1050\"><strong data-start=\"1006\" data-end=\"1050\">Todos os personagens t\u00eam mais de 18 anos<\/strong><\/p>\r\n<\/li>\r\n<li data-start=\"1051\" data-end=\"1117\">\r\n<p data-start=\"1053\" data-end=\"1117\">O foco das hist\u00f3rias \u00e9 ser <strong data-start=\"1080\" data-end=\"1117\">excitante, divertido e provocador<\/strong><\/p>\r\n<\/li>\r\n<li data-start=\"1118\" data-end=\"1209\">\r\n<p data-start=\"1120\" data-end=\"1209\">Eventualmente, temas sens\u00edveis podem surgir, mas sempre com <strong data-start=\"1180\" data-end=\"1209\">cuidado \u00e9tico e liter\u00e1rio<\/strong><\/p>\r\n<\/li>\r\n<\/ul>\r\n<p data-start=\"1211\" data-end=\"1246\">N\u00e3o escrevo hist\u00f3rias que envolvam:<\/p>\r\n<ul data-start=\"1247\" data-end=\"1318\">\r\n<li data-start=\"1247\" data-end=\"1271\">\r\n<p data-start=\"1249\" data-end=\"1271\">Sexo sem consentimento<\/p>\r\n<\/li>\r\n<li data-start=\"1272\" data-end=\"1290\">\r\n<p data-start=\"1274\" data-end=\"1290\">Viol\u00eancia sexual<\/p>\r\n<\/li>\r\n<li data-start=\"1291\" data-end=\"1318\">\r\n<p data-start=\"1293\" data-end=\"1318\">Abusos f\u00edsicos ou mentais<\/p>\r\n<\/li>\r\n<\/ul>\r\n<p data-start=\"1320\" data-end=\"1381\">A liberdade art\u00edstica n\u00e3o deve ultrapassar o respeito humano.<\/p>\r\n<hr data-start=\"1383\" data-end=\"1386\" \/>\r\n<h3 data-start=\"1388\" data-end=\"1425\">\ud83d\uddbc\ufe0f E as imagens dos personagens?<\/h3>\r\n<p data-start=\"1427\" data-end=\"1688\">Algumas hist\u00f3rias incluem <strong data-start=\"1453\" data-end=\"1490\">imagens expl\u00edcitas de personagens<\/strong>, criadas por ferramentas de <strong data-start=\"1519\" data-end=\"1546\">intelig\u00eancia artificial<\/strong>.<br data-start=\"1547\" data-end=\"1550\" \/>Essas imagens <strong data-start=\"1564\" data-end=\"1597\">n\u00e3o representam pessoas reais<\/strong>, nem foram extra\u00eddas de bancos de imagens\u00a0\u2014 s\u00e3o composi\u00e7\u00f5es fict\u00edcias e criativas, pensadas para enriquecer a experi\u00eancia do leitor.<\/p>\r\n<hr data-start=\"1690\" data-end=\"1693\" \/>\r\n<h3 data-start=\"1695\" data-end=\"1738\">\ud83c\udf10 Por que publicar em um site pr\u00f3prio?<\/h3>\r\n<p data-start=\"1740\" data-end=\"1813\">Publicar contos er\u00f3ticos na internet <strong data-start=\"1777\" data-end=\"1812\">n\u00e3o \u00e9 t\u00e3o simples quanto parece<\/strong>.<\/p>\r\n<p data-start=\"1815\" data-end=\"1862\">As plataformas voltadas para o tema geralmente:<\/p>\r\n<ul data-start=\"1863\" data-end=\"2114\">\r\n<li data-start=\"1863\" data-end=\"1955\">\r\n<p data-start=\"1865\" data-end=\"1955\"><strong data-start=\"1865\" data-end=\"1886\">N\u00e3o t\u00eam curadoria<\/strong> e est\u00e3o cheias de textos que promovem abusos ou fantasias criminosas<\/p>\r\n<\/li>\r\n<li data-start=\"1956\" data-end=\"2114\">\r\n<p data-start=\"1958\" data-end=\"2114\">Ou ent\u00e3o, como o Blogger, aplicam <strong data-start=\"1992\" data-end=\"2045\">regras restritivas e censuram conte\u00fados leg\u00edtimos<\/strong>, classificando-os como &#8220;sens\u00edveis&#8221;, mesmo quando s\u00e3o apenas er\u00f3ticos<\/p>\r\n<\/li>\r\n<\/ul>\r\n<p data-start=\"2116\" data-end=\"2318\">Este blog nasceu da vontade de ter um <strong data-start=\"2154\" data-end=\"2194\">espa\u00e7o pr\u00f3prio, independente e livre<\/strong>, onde eu possa escrever com qualidade e consci\u00eancia \u2014 sem depender dos caprichos de algoritmos ou moralismos automatizados.<\/p>\r\n<hr data-start=\"2320\" data-end=\"2323\" \/>\r\n<h3 data-start=\"2325\" data-end=\"2365\">\u270d\ufe0f O conte\u00fado deste blog \u00e9 original?<\/h3>\r\n<p data-start=\"2367\" data-end=\"2415\"><strong data-start=\"2367\" data-end=\"2415\">Sim. Todos os contos foram escritos por mim.<\/strong><\/p>\r\n<p data-start=\"2417\" data-end=\"2540\">Alguns textos j\u00e1 foram publicados anteriormente em sites de literatura er\u00f3tica \u2014 talvez voc\u00ea j\u00e1 tenha lido algo meu por l\u00e1.<\/p>\r\n<p data-start=\"2542\" data-end=\"2650\">Al\u00e9m disso, mantenho uma vers\u00e3o em ingl\u00eas do blog:<br data-start=\"2592\" data-end=\"2595\" \/>\ud83d\udd17 <a class=\"\" href=\"https:\/\/lustcastles.blog\" target=\"_new\" rel=\"noopener\" data-start=\"2598\" data-end=\"2650\">https:\/\/lustcastles.blog<\/a><\/p>\r\n<p data-start=\"2652\" data-end=\"2740\">L\u00e1, voc\u00ea encontra as mesmas hist\u00f3rias traduzidas com o mesmo cuidado est\u00e9tico e er\u00f3tico.<\/p>\r\n<hr data-start=\"2742\" data-end=\"2745\" \/>\r\n<h3 data-start=\"2747\" data-end=\"2768\">\u2709\ufe0f E-mail para contato<\/h3>\r\n<p data-start=\"2747\" data-end=\"2768\"><a class=\"decorated-link cursor-pointer\" rel=\"noopener\" data-start=\"376\" data-end=\"453\">jeancastle@castelosdaluxuria.blog<\/a><\/p>\r\n<hr \/>\r\n<h3 data-start=\"2747\" data-end=\"2768\">\ud83c\udfad Finalizando&#8230;<\/h3>\r\n<p data-start=\"2770\" data-end=\"2896\">Este \u00e9 um espa\u00e7o para <strong data-start=\"2792\" data-end=\"2855\">imagina\u00e7\u00e3o adulta, sensualidade criativa e prazer narrativo<\/strong>.<br data-start=\"2856\" data-end=\"2859\" \/>Explore sem pressa. Leia com entrega.<\/p>\r\n<p data-start=\"2898\" data-end=\"2913\"><strong data-start=\"2898\" data-end=\"2913\">Divirta-se.<\/strong><\/p>\r\n<p data-start=\"2915\" data-end=\"2919\">Jean<\/p>","protected":false},"excerpt":{"rendered":"<p>\ud83e\uddd9\u200d\u2642\ufe0f Quem sou eu? Meu nome \u00e9 Jean Castle, nascido em S\u00e3o Paulo nos anos 70. Sou autor de contos er\u00f3ticos com uma pegada de realismo fant\u00e1stico, misturando fantasia expl\u00edcita, suspense, mist\u00e9rio e fic\u00e7\u00e3o cient\u00edfica. Minhas hist\u00f3rias n\u00e3o seguem f\u00f3rmulas prontas \u2014 elas exploram o desejo atrav\u00e9s da imagina\u00e7\u00e3o, do simbolismo e, \u00e0s vezes, do absurdo. \ud83c\udfaf Para quem \u00e9 este blog? Este blog \u00e9 destinado exclusivamente a maiores de 18 anos. Aqui, voc\u00ea encontrar\u00e1 conte\u00fado er\u00f3tico, com textos liter\u00e1rios expl\u00edcitos e imagens com nudez e atos sexuais. O objetivo \u00e9 provocar, entreter e, acima de tudo, estimular a fantasia \u2014 sempre com consci\u00eancia e responsabilidade. \ud83d\udcda O que esperar das hist\u00f3rias? Todos os contos publicados aqui s\u00e3o ficcionais Todos os personagens t\u00eam mais de 18 anos O foco das hist\u00f3rias \u00e9 ser excitante, divertido e provocador Eventualmente, temas sens\u00edveis podem surgir, mas sempre com cuidado \u00e9tico e liter\u00e1rio N\u00e3o escrevo hist\u00f3rias que envolvam: Sexo sem consentimento Viol\u00eancia sexual Abusos f\u00edsicos ou mentais A liberdade art\u00edstica n\u00e3o deve ultrapassar o respeito humano. \ud83d\uddbc\ufe0f E as imagens dos personagens? Algumas hist\u00f3rias incluem imagens expl\u00edcitas de personagens, criadas por ferramentas de intelig\u00eancia artificial.Essas imagens n\u00e3o representam pessoas reais, nem foram extra\u00eddas de bancos de imagens\u00a0\u2014 s\u00e3o composi\u00e7\u00f5es fict\u00edcias e criativas, pensadas para enriquecer a experi\u00eancia do leitor. \ud83c\udf10 Por que publicar em um site pr\u00f3prio? Publicar contos er\u00f3ticos na internet n\u00e3o \u00e9 t\u00e3o simples quanto parece. As plataformas voltadas para o tema geralmente: N\u00e3o t\u00eam curadoria e est\u00e3o cheias de textos que promovem abusos ou fantasias criminosas Ou ent\u00e3o, como o Blogger, aplicam regras restritivas e censuram conte\u00fados leg\u00edtimos, classificando-os como &#8220;sens\u00edveis&#8221;, mesmo quando s\u00e3o apenas er\u00f3ticos Este blog nasceu da vontade de ter um espa\u00e7o pr\u00f3prio, independente e livre, onde eu possa escrever com qualidade e consci\u00eancia \u2014 sem depender dos caprichos de algoritmos ou moralismos automatizados. \u270d\ufe0f O conte\u00fado deste blog \u00e9 original? Sim. Todos os contos foram escritos por mim. Alguns textos j\u00e1 foram publicados anteriormente em sites de literatura er\u00f3tica \u2014 talvez voc\u00ea j\u00e1 tenha lido algo meu por l\u00e1. Al\u00e9m disso, mantenho uma vers\u00e3o em ingl\u00eas do blog:\ud83d\udd17 https:\/\/lustcastles.blog L\u00e1, voc\u00ea encontra as mesmas hist\u00f3rias traduzidas com o mesmo cuidado est\u00e9tico e er\u00f3tico. \u2709\ufe0f E-mail para contato jeancastle@castelosdaluxuria.blog \ud83c\udfad Finalizando&#8230; Este \u00e9 um espa\u00e7o para imagina\u00e7\u00e3o adulta, sensualidade criativa e prazer narrativo.Explore sem pressa. Leia com entrega. Divirta-se. Jean<\/p>\n","protected":false},"author":1,"featured_media":0,"parent":0,"menu_order":0,"comment_status":"closed","ping_status":"open","template":"","meta":{"iawp_total_views":10,"footnotes":""},"class_list":["post-3","page","type-page","status-publish","hentry"],"jetpack_sharing_enabled":true,"_links":{"self":[{"href":"https:\/\/castelosdaluxuria.blog\/index.php?rest_route=\/wp\/v2\/pages\/3","targetHints":{"allow":["GET"]}}],"collection":[{"href":"https:\/\/castelosdaluxuria.blog\/index.php?rest_route=\/wp\/v2\/pages"}],"about":[{"href":"https:\/\/castelosdaluxuria.blog\/index.php?rest_route=\/wp\/v2\/types\/page"}],"author":[{"embeddable":true,"href":"https:\/\/castelosdaluxuria.blog\/index.php?rest_route=\/wp\/v2\/users\/1"}],"replies":[{"embeddable":true,"href":"https:\/\/castelosdaluxuria.blog\/index.php?rest_route=%2Fwp%2Fv2%2Fcomments&post=3"}],"version-history":[{"count":11,"href":"https:\/\/castelosdaluxuria.blog\/index.php?rest_route=\/wp\/v2\/pages\/3\/revisions"}],"predecessor-version":[{"id":994,"href":"https:\/\/castelosdaluxuria.blog\/index.php?rest_route=\/wp\/v2\/pages\/3\/revisions\/994"}],"wp:attachment":[{"href":"https:\/\/castelosdaluxuria.blog\/index.php?rest_route=%2Fwp%2Fv2%2Fmedia&parent=3"}],"curies":[{"name":"wp","href":"https:\/\/api.w.org\/{rel}","templated":true}]}}