{"id":1035,"date":"2025-10-30T14:07:58","date_gmt":"2025-10-30T17:07:58","guid":{"rendered":"https:\/\/castelosdaluxuria.blog\/?page_id=1035"},"modified":"2025-10-30T14:32:06","modified_gmt":"2025-10-30T17:32:06","slug":"livro-e-apoio","status":"publish","type":"page","link":"https:\/\/castelosdaluxuria.blog\/?page_id=1035","title":{"rendered":"Livro e Apoio"},"content":{"rendered":"<p data-start=\"386\" data-end=\"603\">Sou um autor de <strong data-start=\"402\" data-end=\"427\">fic\u00e7\u00e3o er\u00f3tica adulta<\/strong>, explorando os limites entre fantasia, desejo e imagina\u00e7\u00e3o.<br data-start=\"487\" data-end=\"490\" \/>Meus contos combinam erotismo, mist\u00e9rio e emo\u00e7\u00f5es reais \u2014 hist\u00f3rias escritas com dedica\u00e7\u00e3o e independ\u00eancia total.<\/p>\n<p data-start=\"605\" data-end=\"717\">Se voc\u00ea gosta do meu trabalho e quer me ajudar a continuar escrevendo, existem algumas formas simples de apoiar:<\/p>\n<hr data-start=\"719\" data-end=\"722\" \/>\n<h4 data-start=\"724\" data-end=\"754\"><strong data-start=\"732\" data-end=\"754\">\ud83d\udcd81. Adquira o livro<\/strong><\/h4>\n<p data-start=\"755\" data-end=\"1011\"><a class=\"decorated-link cursor-pointer\" target=\"_new\" rel=\"noopener\" data-start=\"758\" data-end=\"856\"><strong data-start=\"759\" data-end=\"790\">Putarias Al\u00e9m da Imagina\u00e7\u00e3o<\/strong><\/a><br data-start=\"856\" data-end=\"859\" \/>Meu primeiro livro re\u00fane dez contos provocantes.<br data-start=\"919\" data-end=\"922\" \/><img decoding=\"async\" data-src=\"https:\/\/castelosdaluxuria.blog\/wp-content\/uploads\/2025\/10\/Capa-Putarias-Alem-da-Imaginacao-5_1-scaled-e1761749715423.jpg\" alt=\"Capa de Putarias Al\u00e9m da Imagina\u00e7\u00e3o, de Jean Castle\" src=\"data:image\/svg+xml;base64,PHN2ZyB3aWR0aD0iMSIgaGVpZ2h0PSIxIiB4bWxucz0iaHR0cDovL3d3dy53My5vcmcvMjAwMC9zdmciPjwvc3ZnPg==\" class=\"lazyload\" style=\"--smush-placeholder-width: 453px; --smush-placeholder-aspect-ratio: 453\/687;\" \/><\/p>\n<div class=\"book-card\">\n<div class=\"grid\">\n<div class=\"cta\"><a class=\"btn primary\" href=\"https:\/\/www.amazon.com.br\/Putarias-Al%C3%A9m-Imagina%C3%A7%C3%A3o-Jean-Castle-ebook\/dp\/B0FXVZ1FKY\" target=\"_blank\" rel=\"noopener\">Comprar e-book na Amazon<\/a><br \/>\n<a class=\"btn outline\" href=\"https:\/\/loja.uiclap.com\/titulo\/ua126001\/\" target=\"_blank\" rel=\"noopener\">Comprar vers\u00e3o f\u00edsica (Uiclap)<\/a><\/div>\n<p><a class=\"btn outline\" href=\"https:\/\/clubedeautores.com.br\/livro\/putarias-alem-da-imaginacao\" target=\"_blank\" rel=\"noopener\">Comprar vers\u00e3o f\u00edsica (Clube de Autores)<\/a><\/div>\n<div><\/div>\n<div class=\"meta\">Independente \u2022 10 contos \u2022 +18<\/div>\n<\/div>\n<\/div>\n<hr data-start=\"1013\" data-end=\"1016\" \/>\n<h4 data-start=\"1018\" data-end=\"1056\">\u2615 <strong data-start=\"1025\" data-end=\"1056\">2. Ofere\u00e7a um caf\u00e9 no Ko-fi<\/strong><\/h4>\n<p data-start=\"1057\" data-end=\"1313\">\ud83d\udc8c <a class=\"decorated-link cursor-pointer\" target=\"_new\" rel=\"noopener\" data-start=\"1060\" data-end=\"1109\"><strong data-start=\"1061\" data-end=\"1081\">Apoie pelo Ko-fi<\/strong><\/a><br data-start=\"1109\" data-end=\"1112\" \/>Se quiser apenas deixar uma gorjeta simb\u00f3lica \u2014 o valor de um caf\u00e9 \u2014, isso j\u00e1 ajuda imensamente a manter este projeto vivo.<br data-start=\"1235\" data-end=\"1238\" \/>Cada contribui\u00e7\u00e3o \u00e9 um incentivo direto para que novas hist\u00f3rias aconte\u00e7am.<\/p>\n<p><script type='text\/javascript' src='https:\/\/storage.ko-fi.com\/cdn\/widget\/Widget_2.js'><\/script><script type='text\/javascript'>kofiwidget2.init('Support me on Ko-fi', '#72a4f2', 'P5P41NKNLQ');kofiwidget2.draw();<\/script><\/p>\n<hr data-start=\"1315\" data-end=\"1318\" \/>\n<h4 data-start=\"1320\" data-end=\"1354\">\ud83d\udce3 <strong data-start=\"1328\" data-end=\"1354\">3. Divulgue o trabalho<\/strong><\/h4>\n<p data-start=\"1355\" data-end=\"1559\">Se voc\u00ea curte o que l\u00ea aqui, compartilhe com amigos, redes sociais, f\u00f3runs ou comunidades de leitura.<br data-start=\"1456\" data-end=\"1459\" \/>A melhor forma de apoiar um autor independente \u00e9 ajudar suas hist\u00f3rias a encontrarem novos leitores.<\/p>\n<hr data-start=\"1561\" data-end=\"1564\" \/>\n<p data-start=\"1566\" data-end=\"1627\">\u2728 Obrigado por fazer parte deste caminho.<br data-start=\"1607\" data-end=\"1610\" \/>\u2014 <strong data-start=\"1612\" data-end=\"1627\">Jean Castle<\/strong><\/p>\n","protected":false},"excerpt":{"rendered":"<p>Sou um autor de fic\u00e7\u00e3o er\u00f3tica adulta, explorando os limites entre fantasia, desejo e imagina\u00e7\u00e3o.Meus contos combinam erotismo, mist\u00e9rio e emo\u00e7\u00f5es reais \u2014 hist\u00f3rias escritas com dedica\u00e7\u00e3o e independ\u00eancia total. Se voc\u00ea gosta do meu trabalho e quer me ajudar a continuar escrevendo, existem algumas formas simples de apoiar: \ud83d\udcd81. Adquira o livro Putarias Al\u00e9m da Imagina\u00e7\u00e3oMeu primeiro livro re\u00fane dez contos provocantes. Comprar e-book na Amazon Comprar vers\u00e3o f\u00edsica (Uiclap) Comprar vers\u00e3o f\u00edsica (Clube de Autores) Independente \u2022 10 contos \u2022 +18 \u2615 2. Ofere\u00e7a um caf\u00e9 no Ko-fi \ud83d\udc8c Apoie pelo Ko-fiSe quiser apenas deixar uma gorjeta simb\u00f3lica \u2014 o valor de um caf\u00e9 \u2014, isso j\u00e1 ajuda imensamente a manter este projeto vivo.Cada contribui\u00e7\u00e3o \u00e9 um incentivo direto para que novas hist\u00f3rias aconte\u00e7am. \ud83d\udce3 3. Divulgue o trabalho Se voc\u00ea curte o que l\u00ea aqui, compartilhe com amigos, redes sociais, f\u00f3runs ou comunidades de leitura.A melhor forma de apoiar um autor independente \u00e9 ajudar suas hist\u00f3rias a encontrarem novos leitores. \u2728 Obrigado por fazer parte deste caminho.\u2014 Jean Castle<\/p>\n","protected":false},"author":1,"featured_media":0,"parent":0,"menu_order":0,"comment_status":"closed","ping_status":"closed","template":"","meta":{"iawp_total_views":6,"footnotes":""},"class_list":["post-1035","page","type-page","status-publish","hentry"],"jetpack_sharing_enabled":true,"_links":{"self":[{"href":"https:\/\/castelosdaluxuria.blog\/index.php?rest_route=\/wp\/v2\/pages\/1035","targetHints":{"allow":["GET"]}}],"collection":[{"href":"https:\/\/castelosdaluxuria.blog\/index.php?rest_route=\/wp\/v2\/pages"}],"about":[{"href":"https:\/\/castelosdaluxuria.blog\/index.php?rest_route=\/wp\/v2\/types\/page"}],"author":[{"embeddable":true,"href":"https:\/\/castelosdaluxuria.blog\/index.php?rest_route=\/wp\/v2\/users\/1"}],"replies":[{"embeddable":true,"href":"https:\/\/castelosdaluxuria.blog\/index.php?rest_route=%2Fwp%2Fv2%2Fcomments&post=1035"}],"version-history":[{"count":6,"href":"https:\/\/castelosdaluxuria.blog\/index.php?rest_route=\/wp\/v2\/pages\/1035\/revisions"}],"predecessor-version":[{"id":1042,"href":"https:\/\/castelosdaluxuria.blog\/index.php?rest_route=\/wp\/v2\/pages\/1035\/revisions\/1042"}],"wp:attachment":[{"href":"https:\/\/castelosdaluxuria.blog\/index.php?rest_route=%2Fwp%2Fv2%2Fmedia&parent=1035"}],"curies":[{"name":"wp","href":"https:\/\/api.w.org\/{rel}","templated":true}]}}